{"id":4370,"date":"2020-06-27T13:05:03","date_gmt":"2020-06-27T11:05:03","guid":{"rendered":"http:\/\/www.stilmarmo.it\/?page_id=4370"},"modified":"2021-04-15T17:20:45","modified_gmt":"2021-04-15T15:20:45","slug":"bronzetto-tipo-m-in-falda","status":"publish","type":"page","link":"https:\/\/www.stilmarmo.it\/pt-pt\/produzir\/bronzetto\/bronzetto-tipo-m-in-falda\/","title":{"rendered":"Bronzetto tipo M"},"content":{"rendered":"<section class=\"section swatch-white margintop20px section-text-no-shadow section-inner-no-shadow section-normal section-opaque\"  data-label=\"\">\n    \n    <div class=\"background-overlay grid-overlay-0 \" style=\"background-color: ;\"><\/div>\n\n    <div class=\"container\">\n        <div class=\"row vertical-top\">\n            <div class=\"col-md-12    padding5px0px text-default small-screen-default\"  style=\"background:#292929;\"><header class=\"text-left fontweight300 fontsize20px element-no-top element-no-bottom not-condensed\" data-os-animation=\"none\" data-os-animation-delay=\"0s\" >\n    <h1 class=\"normal regular no-bordered-header bordered-small\"style=\"color:#faf9f6;\" >\n        Bronzetto tipo M    <\/h1>\n    <\/header>\n<\/div>        <\/div>\n    <\/div>\n<\/section>\n<section class=\"section swatch-white  section-text-no-shadow section-inner-no-shadow section-normal section-opaque\"  data-label=\"\">\n    \n    <div class=\"background-overlay grid-overlay-0 \" style=\"background-color: rgba(0,0,0,0);\"><\/div>\n\n    <div class=\"container\">\n        <div class=\"row vertical-top\">\n            <div class=\"col-md-12     text-default small-screen-default\"  style=\"background:#f2efe8;\"><div class=\"row \"><div class=\"col-md-3    menuprodotti text-default small-screen-default\"  ><div class=\"divider-wrapper\" style=\"visibility:hidden;background-color:\">\n    <div class=\"visible-xs\" style=\"height:24px;\"><\/div>\n    <div class=\"visible-sm\" style=\"height:24px;\"><\/div>\n    <div class=\"visible-md\" style=\"height:24px;\"><\/div>\n    <div class=\"visible-lg\" style=\"height:24px;\"><\/div>\n<\/div>[vc_widget_sidebar sidebar_id=&#8221;cs-1&#8243; title=&#8221;BRONZETTO&#8221; el_id=&#8221;menuprodotti&#8221;]<\/div><div class=\"col-md-5     text-default small-screen-default\"  ><div class=\"figure  element-short-top element-no-bottom image-filter-none image-filter-onhover fade-in text-center figcaption-middle normalwidth\" data-os-animation=\"none\" data-os-animation-delay=\"0s\">\n            <a href=\"https:\/\/www.stilmarmo.it\/wp-content\/uploads\/2015\/07\/BRONZETTO-tipo-M-in-falda.jpg\" class=\"figure-image magnific image-all\" data-links=\"\" target=\"_self\">\n    \n    <img decoding=\"async\" src=\"https:\/\/www.stilmarmo.it\/wp-content\/uploads\/2015\/07\/BRONZETTO-tipo-M-in-falda.jpg\"   class=\"normalwidth\" \/>    \n            <\/a>\n    \n<\/div><div class=\"divider-wrapper\" style=\"visibility:hidden;background-color:\">\n    <div class=\"visible-xs\" style=\"height:15px;\"><\/div>\n    <div class=\"visible-sm\" style=\"height:15px;\"><\/div>\n    <div class=\"visible-md\" style=\"height:15px;\"><\/div>\n    <div class=\"visible-lg\" style=\"height:15px;\"><\/div>\n<\/div><div class=\"figure  element-no-top element-no-bottom image-filter-none image-filter-onhover fade-in text-center figcaption-middle normalwidth\" data-os-animation=\"none\" data-os-animation-delay=\"0s\">\n            <span class=\"figure-image\">\n    \n    <img decoding=\"async\" src=\"https:\/\/www.stilmarmo.it\/wp-content\/uploads\/2015\/07\/azienda_5.jpg\"   class=\"normalwidth\" \/>    \n            <\/span>\n    \n<\/div><div class=\"divider-wrapper\" style=\"visibility:hidden;background-color:\">\n    <div class=\"visible-xs\" style=\"height:15px;\"><\/div>\n    <div class=\"visible-sm\" style=\"height:15px;\"><\/div>\n    <div class=\"visible-md\" style=\"height:15px;\"><\/div>\n    <div class=\"visible-lg\" style=\"height:15px;\"><\/div>\n<\/div><header class=\"text-left  element-no-top element-no-bottom not-condensed\" data-os-animation=\"none\" data-os-animation-delay=\"0s\" >\n    <h2 class=\"normal regular no-bordered-header bordered-small\"style=\"color:#58585a;\" >\n        Bronzetto tipo M    <\/h2>\n    <\/header>\n<div class=\"divider-wrapper\" style=\"visibility:hidden;background-color:\">\n    <div class=\"visible-xs\" style=\"height:10px;\"><\/div>\n    <div class=\"visible-sm\" style=\"height:10px;\"><\/div>\n    <div class=\"visible-md\" style=\"height:10px;\"><\/div>\n    <div class=\"visible-lg\" style=\"height:10px;\"><\/div>\n<\/div><div class=\"font-size12px element-no-top element-no-bottom\" data-os-animation=\"none\" data-os-animation-delay=\"0s\">\n    <p style=\"font-size: 12px;\">Calc\u00e1rio de gr\u00e3o fino, cor bege com clastos mais leves.<\/p>\n<p style=\"font-size: 12px;\">Lugar de extrac\u00e7\u00e3o: Apricena (FG), It\u00e1lia.<\/p>\n<p style=\"font-size: 12px;\">O material cortado na aba apresenta sombreamento<\/p>\n<\/div><\/div><div class=\"col-md-4    form-content text-default small-screen-default\"  ><div class=\"figure  element-short-top element-no-bottom image-filter-none image-filter-onhover fade-in text-center figcaption-middle normalwidth\" data-os-animation=\"none\" data-os-animation-delay=\"0s\">\n            <a href=\"\/area-riservata\/\" class=\"figure-image  image-all\" data-links=\"\" target=\"_self\">\n    \n    <img decoding=\"async\" src=\"https:\/\/www.stilmarmo.it\/wp-content\/uploads\/2015\/12\/downlad-sheet.jpg\"   class=\"normalwidth\" \/>    \n            <\/a>\n    \n<\/div><div class=\"divider-wrapper\" style=\"visibility:hidden;background-color:\">\n    <div class=\"visible-xs\" style=\"height:18px;\"><\/div>\n    <div class=\"visible-sm\" style=\"height:18px;\"><\/div>\n    <div class=\"visible-md\" style=\"height:18px;\"><\/div>\n    <div class=\"visible-lg\" style=\"height:18px;\"><\/div>\n<\/div><div class=\"divider-wrapper\" style=\"visibility:visible;background-color:#b1a692\">\n    <div class=\"visible-xs\" style=\"height:2px;\"><\/div>\n    <div class=\"visible-sm\" style=\"height:2px;\"><\/div>\n    <div class=\"visible-md\" style=\"height:2px;\"><\/div>\n    <div class=\"visible-lg\" style=\"height:2px;\"><\/div>\n<\/div><div class=\"divider-wrapper\" style=\"visibility:hidden;background-color:\">\n    <div class=\"visible-xs\" style=\"height:18px;\"><\/div>\n    <div class=\"visible-sm\" style=\"height:18px;\"><\/div>\n    <div class=\"visible-md\" style=\"height:18px;\"><\/div>\n    <div class=\"visible-lg\" style=\"height:18px;\"><\/div>\n<\/div><header class=\"text-left  element-no-top element-no-bottom not-condensed\" data-os-animation=\"none\" data-os-animation-delay=\"0s\" >\n    <h3 class=\"normal regular no-bordered-header bordered-normal\"style=\"color:#58585a;\" >\n        Solicite mais informa\u00e7\u00f5es    <\/h3>\n    <\/header>\n<div class=\"divider-wrapper\" style=\"visibility:hidden;background-color:\">\n    <div class=\"visible-xs\" style=\"height:18px;\"><\/div>\n    <div class=\"visible-sm\" style=\"height:18px;\"><\/div>\n    <div class=\"visible-md\" style=\"height:18px;\"><\/div>\n    <div class=\"visible-lg\" style=\"height:18px;\"><\/div>\n<\/div>\n<div class=\"wpcf7 no-js\" id=\"wpcf7-f4374-o1\" lang=\"it-IT\" dir=\"ltr\" data-wpcf7-id=\"4374\">\n<div class=\"screen-reader-response\"><p role=\"status\" aria-live=\"polite\" aria-atomic=\"true\"><\/p> <ul><\/ul><\/div>\n<form action=\"\/pt-pt\/wp-json\/wp\/v2\/pages\/4370#wpcf7-f4374-o1\" method=\"post\" class=\"wpcf7-form init\" aria-label=\"Modulo di contatto\" novalidate=\"novalidate\" data-status=\"init\">\n<fieldset class=\"hidden-fields-container\"><input type=\"hidden\" name=\"_wpcf7\" value=\"4374\" \/><input type=\"hidden\" name=\"_wpcf7_version\" value=\"6.1.5\" \/><input type=\"hidden\" name=\"_wpcf7_locale\" value=\"it_IT\" \/><input type=\"hidden\" name=\"_wpcf7_unit_tag\" value=\"wpcf7-f4374-o1\" \/><input type=\"hidden\" name=\"_wpcf7_container_post\" value=\"0\" \/><input type=\"hidden\" name=\"_wpcf7_posted_data_hash\" value=\"\" \/>\n<\/fieldset>\n<div>\n\t<p><span class=\"wpcf7-form-control-wrap\" data-name=\"company-pt\"><input size=\"40\" maxlength=\"400\" class=\"wpcf7-form-control wpcf7-text wpcf7-validates-as-required\" aria-required=\"true\" aria-invalid=\"false\" placeholder=\"Companhia\" value=\"\" type=\"text\" name=\"company-pt\" \/><\/span>\n\t<\/p>\n<\/div>\n<div>\n\t<p><span class=\"wpcf7-form-control-wrap\" data-name=\"name-pt\"><input size=\"40\" maxlength=\"400\" class=\"wpcf7-form-control wpcf7-text wpcf7-validates-as-required\" aria-required=\"true\" aria-invalid=\"false\" placeholder=\"Nome e sobrenome\" value=\"\" type=\"text\" name=\"name-pt\" \/><\/span>\n\t<\/p>\n<\/div>\n<div>\n\t<p><span class=\"wpcf7-form-control-wrap\" data-name=\"email-29\"><input size=\"40\" maxlength=\"400\" class=\"wpcf7-form-control wpcf7-email wpcf7-validates-as-required wpcf7-text wpcf7-validates-as-email\" aria-required=\"true\" aria-invalid=\"false\" placeholder=\"E-mail\" value=\"\" type=\"email\" name=\"email-29\" \/><\/span>\n\t<\/p>\n<\/div>\n<div>\n\t<p><span class=\"wpcf7-form-control-wrap\" data-name=\"phone-pt\"><input size=\"40\" maxlength=\"400\" class=\"wpcf7-form-control wpcf7-text wpcf7-validates-as-required\" aria-required=\"true\" aria-invalid=\"false\" placeholder=\"Telefone\" value=\"\" type=\"text\" name=\"phone-pt\" \/><\/span>\n\t<\/p>\n<\/div>\n<div>\n\t<p><span class=\"wpcf7-form-control-wrap\" data-name=\"note-pt\"><textarea cols=\"40\" rows=\"10\" maxlength=\"2000\" class=\"wpcf7-form-control wpcf7-textarea\" aria-invalid=\"false\" placeholder=\"Mensagem\" name=\"note-pt\"><\/textarea><\/span>\n\t<\/p>\n<\/div>\n<p><input class=\"wpcf7-form-control wpcf7-submit has-spinner\" type=\"submit\" value=\"Enviar\" \/>\n<\/p><div class=\"wpcf7-response-output\" aria-hidden=\"true\"><\/div>\n<\/form>\n<\/div>\n<\/div><\/div><\/div>        <\/div>\n    <\/div>\n<\/section>\n<section class=\"section swatch-white  section-text-no-shadow section-inner-no-shadow section-normal section-opaque\"  data-label=\"\">\n    \n    <div class=\"background-overlay grid-overlay-0 \" style=\"background-color: rgba(0,0,0,0);\"><\/div>\n\n    <div class=\"container\">\n        <div class=\"row vertical-top\">\n            <div class=\"col-md-12     text-default small-screen-default\"  ><div class=\" element-short-top element-short-bottom\" data-os-animation=\"none\" data-os-animation-delay=\"0s\">\n    <p><!--more--><\/p>\n<\/div><\/div>        <\/div>\n    <\/div>\n<\/section>\n","protected":false},"excerpt":{"rendered":"Bronzetto tipo M [vc_widget_sidebar sidebar_id=\"cs-1\" title=\"BRONZETTO\" el_id=\"menuprodotti\"] Bronzetto tipo M Calc\u00e1rio de gr\u00e3o fino, cor bege com clastos mais leves. Lugar de extrac\u00e7\u00e3o: Apricena (FG), It\u00e1lia. O material cortado na aba apresenta sombreamento Solicite mais informa\u00e7\u00f5es","protected":false},"author":1,"featured_media":0,"parent":4342,"menu_order":0,"comment_status":"open","ping_status":"open","template":"","meta":{"footnotes":""},"class_list":["post-4370","page","type-page","status-publish","hentry"],"aioseo_notices":[],"_links":{"self":[{"href":"https:\/\/www.stilmarmo.it\/pt-pt\/wp-json\/wp\/v2\/pages\/4370","targetHints":{"allow":["GET"]}}],"collection":[{"href":"https:\/\/www.stilmarmo.it\/pt-pt\/wp-json\/wp\/v2\/pages"}],"about":[{"href":"https:\/\/www.stilmarmo.it\/pt-pt\/wp-json\/wp\/v2\/types\/page"}],"author":[{"embeddable":true,"href":"https:\/\/www.stilmarmo.it\/pt-pt\/wp-json\/wp\/v2\/users\/1"}],"replies":[{"embeddable":true,"href":"https:\/\/www.stilmarmo.it\/pt-pt\/wp-json\/wp\/v2\/comments?post=4370"}],"version-history":[{"count":3,"href":"https:\/\/www.stilmarmo.it\/pt-pt\/wp-json\/wp\/v2\/pages\/4370\/revisions"}],"predecessor-version":[{"id":4954,"href":"https:\/\/www.stilmarmo.it\/pt-pt\/wp-json\/wp\/v2\/pages\/4370\/revisions\/4954"}],"up":[{"embeddable":true,"href":"https:\/\/www.stilmarmo.it\/pt-pt\/wp-json\/wp\/v2\/pages\/4342"}],"wp:attachment":[{"href":"https:\/\/www.stilmarmo.it\/pt-pt\/wp-json\/wp\/v2\/media?parent=4370"}],"curies":[{"name":"wp","href":"https:\/\/api.w.org\/{rel}","templated":true}]}}