{"id":4314,"date":"2020-06-27T12:10:55","date_gmt":"2020-06-27T10:10:55","guid":{"rendered":"http:\/\/www.stilmarmo.it\/?page_id=4314"},"modified":"2020-06-27T12:13:29","modified_gmt":"2020-06-27T10:13:29","slug":"como-chegar-ate-nos","status":"publish","type":"page","link":"https:\/\/www.stilmarmo.it\/pt-pt\/como-chegar-ate-nos\/","title":{"rendered":"Como chegar at\u00e8 n\u00f2s"},"content":{"rendered":"<section class=\"section swatch-palette-stilmarmo margintop20px section-text-no-shadow section-inner-no-shadow section-normal section-opaque\"  data-label=\"\">\n    \n    <div class=\"background-overlay grid-overlay-0 \" style=\"background-color: rgba(0,0,0,0);\"><\/div>\n\n    <div class=\"container\">\n        <div class=\"row vertical-top\">\n            <div class=\"col-md-12     text-default small-screen-default\"  style=\"background:#292929;\"><header class=\"text-left fontsize20px fontweight300 element-no-top element-no-bottom not-condensed\" data-os-animation=\"none\" data-os-animation-delay=\"0s\" >\n    <h1 class=\"normal regular no-bordered-header bordered-normal\"style=\"color:#f2efe8;\" >\n         Como chegar at\u00e8 n\u00f2s    <\/h1>\n    <\/header>\n<\/div>        <\/div>\n    <\/div>\n<\/section>\n<section class=\"section swatch-palette-stilmarmo  section-text-no-shadow section-inner-no-shadow section-normal section-opaque\"  data-label=\"\">\n    \n    <div class=\"background-overlay grid-overlay-0 \" style=\"background-color: rgba(0,0,0,0);\"><\/div>\n\n    <div class=\"container\">\n        <div class=\"row vertical-top\">\n            <div class=\"col-md-12    padding0 text-default small-screen-default\"  ><div id=\"map726\" class=\"google-map  element-short-top element-short-bottom\" style=\"height:500px\" data-os-animation=\"none\" data-os-animation-delay=\"0s\"><\/div><\/div>        <\/div>\n    <\/div>\n<\/section>\n<section class=\"section swatch-white  section-text-no-shadow section-inner-no-shadow section-normal section-opaque\"  data-label=\"\">\n    \n    <div class=\"background-overlay grid-overlay-0 \" style=\"background-color: rgba(0,0,0,0);\"><\/div>\n\n    <div class=\"container\">\n        <div class=\"row vertical-top\">\n            <div class=\"col-md-12     text-default small-screen-default\"  ><div class=\" element-short-top element-short-bottom\" data-os-animation=\"none\" data-os-animation-delay=\"0s\">\n    <div class=\"container\">\n<div class=\"row vertical-top\">\n<div class=\"col-md-12 text-default small-screen-default\">\n<div class=\" element-short-top element-short-bottom\" data-os-animation=\"none\" data-os-animation-delay=\"0s\">\n<p><strong>COMO CHEGAR AT\u00c9 N\u00d3S<\/strong><\/p>\n<p>GPS: 41,7855631 \u2013 15,4386942<\/p>\n<p><strong>DE AVI\u00c3O<\/strong><\/p>\n<p><a href=\"https:\/\/www.google.it\/url?sa=t&amp;rct=j&amp;q=&amp;esrc=s&amp;source=web&amp;cd=2&amp;cad=rja&amp;uact=8&amp;ved=0ahUKEwjeqNTwobjKAhWHtRoKHdWFAw4QFggtMAE&amp;url=http%3A%2F%2Fwww.aeroportidipuglia.it%2F&amp;usg=AFQjCNHGa905ysesi97glItzTuVZKKstSA\" target=\"_blank\" rel=\"noopener noreferrer\">Aeroporto de Bari<\/a>\u00a0(dist\u00e3ncia cerca de 160 km) prossiga DE CARRO (A14 \u2013 sa\u00edda San Severo) ou DE COMBOIO (esta\u00e7\u00e3o de San Severo).<\/p>\n<p><strong>DE CARRO<\/strong><\/p>\n<p><a href=\"https:\/\/www.autostrade.it\/autostrade-gis\/percorso.do\" target=\"_blank\" rel=\"noopener noreferrer\">Autostrada A14<\/a> Pegue na autoestrada A14 at\u00e9 a sa\u00edda Poggio Imperiale (vindo do norte) ou San Severo (vindo do sul) e siga os sinais de indica\u00e7\u00e3o para Apricena (dist\u00e2ncia cerca de 15 km de Poggio Imperiale e San Severo).<\/p>\n<p><strong>DE COMBOIO<\/strong><\/p>\n<p><a href=\"https:\/\/www.google.it\/url?sa=t&amp;rct=j&amp;q=&amp;esrc=s&amp;source=web&amp;cd=1&amp;cad=rja&amp;uact=8&amp;ved=0ahUKEwi2qfX9objKAhWDVxoKHQBHBDoQFggoMAA&amp;url=http%3A%2F%2Fwww.trenitalia.com%2F&amp;usg=AFQjCNH5P--kB-6ug3jO-cMwzu-E2sFN8A\" target=\"_blank\" rel=\"noopener noreferrer\">Trenitalia<\/a> \u2013 Ferrovie dello Stato ( Ferrovias do Estado )\u2013 Esta\u00e7\u00e3o de San Severo.<\/p>\n<\/div>\n<\/div>\n<\/div>\n<\/div>\n<\/div><\/div>        <\/div>\n    <\/div>\n<\/section>\n<section class=\"section swatch-white  section-text-no-shadow section-inner-no-shadow section-normal section-opaque\"  data-label=\"\">\n    \n    <div class=\"background-overlay grid-overlay-0 \" style=\"background-color: rgba(0,0,0,0);\"><\/div>\n\n    <div class=\"container\">\n        <div class=\"row vertical-top\">\n            <div class=\"col-md-12     text-default small-screen-default\"  ><div class=\" element-short-top element-short-bottom\" data-os-animation=\"none\" data-os-animation-delay=\"0s\">\n    <p><!--more--><\/p>\n<\/div><\/div>        <\/div>\n    <\/div>\n<\/section>\n","protected":false},"excerpt":{"rendered":"Como chegar at\u00e8 n\u00f2s COMO CHEGAR AT\u00c9 N\u00d3S GPS: 41,7855631 \u2013 15,4386942 DE AVI\u00c3O Aeroporto de Bari\u00a0(dist\u00e3ncia cerca de 160 km) prossiga DE CARRO (A14 \u2013 sa\u00edda San Severo) ou DE COMBOIO (esta\u00e7\u00e3o de San Severo). DE CARRO Autostrada A14 Pegue na autoestrada A14 at\u00e9 a sa\u00edda Poggio Imperiale (vindo do norte) ou San Severo","protected":false},"author":1,"featured_media":0,"parent":0,"menu_order":0,"comment_status":"closed","ping_status":"closed","template":"","meta":{"footnotes":""},"class_list":["post-4314","page","type-page","status-publish","hentry"],"aioseo_notices":[],"_links":{"self":[{"href":"https:\/\/www.stilmarmo.it\/pt-pt\/wp-json\/wp\/v2\/pages\/4314","targetHints":{"allow":["GET"]}}],"collection":[{"href":"https:\/\/www.stilmarmo.it\/pt-pt\/wp-json\/wp\/v2\/pages"}],"about":[{"href":"https:\/\/www.stilmarmo.it\/pt-pt\/wp-json\/wp\/v2\/types\/page"}],"author":[{"embeddable":true,"href":"https:\/\/www.stilmarmo.it\/pt-pt\/wp-json\/wp\/v2\/users\/1"}],"replies":[{"embeddable":true,"href":"https:\/\/www.stilmarmo.it\/pt-pt\/wp-json\/wp\/v2\/comments?post=4314"}],"version-history":[{"count":2,"href":"https:\/\/www.stilmarmo.it\/pt-pt\/wp-json\/wp\/v2\/pages\/4314\/revisions"}],"predecessor-version":[{"id":4316,"href":"https:\/\/www.stilmarmo.it\/pt-pt\/wp-json\/wp\/v2\/pages\/4314\/revisions\/4316"}],"wp:attachment":[{"href":"https:\/\/www.stilmarmo.it\/pt-pt\/wp-json\/wp\/v2\/media?parent=4314"}],"curies":[{"name":"wp","href":"https:\/\/api.w.org\/{rel}","templated":true}]}}