{"id":4303,"date":"2020-06-27T11:59:43","date_gmt":"2020-06-27T09:59:43","guid":{"rendered":"http:\/\/www.stilmarmo.it\/?page_id=4303"},"modified":"2020-06-27T12:08:49","modified_gmt":"2020-06-27T10:08:49","slug":"contactos","status":"publish","type":"page","link":"https:\/\/www.stilmarmo.it\/pt-pt\/contactos\/","title":{"rendered":"Contactos"},"content":{"rendered":"<section class=\"section swatch-white margintop20px section-text-no-shadow section-inner-no-shadow section-normal section-opaque\"  data-label=\"\">\n    \n    <div class=\"background-overlay grid-overlay-0 \" style=\"background-color: rgba(0,0,0,0);\"><\/div>\n\n    <div class=\"container\">\n        <div class=\"row vertical-top\">\n            <div class=\"col-md-12     text-default small-screen-default\"  style=\"background:#292929;\"><header class=\"text-left fontsize20px fontweight300 element-no-top element-no-bottom not-condensed\" data-os-animation=\"none\" data-os-animation-delay=\"0s\" >\n    <h1 class=\"normal regular no-bordered-header bordered-small\"style=\"color:#f2efe8;\" >\n        Contactos    <\/h1>\n    <\/header>\n<\/div>        <\/div>\n    <\/div>\n<\/section>\n<section class=\"section swatch-palette-stilmarmo  section-text-no-shadow section-inner-no-shadow section-normal section-opaque\" id=\"row-contatti\"  data-label=\"\">\n            <div class=\"background-media\" style=\"background-image: url('https:\/\/www.stilmarmo.it\/wp-content\/uploads\/2015\/07\/contatti.jpg'); background-repeat:no-repeat; background-size:auto; background-attachment:no-scroll; background-position: 50% 0%;\" >\n                    <\/div>\n    \n    <div class=\"background-overlay grid-overlay-0 \" style=\"background-color: rgba(0,0,0,0);\"><\/div>\n\n    <div class=\"container\">\n        <div class=\"row vertical-top\">\n            <div class=\"col-md-3    height650px text-default small-screen-default\"  style=\"background:#eae5db;\"><div class=\"divider-wrapper\" style=\"visibility:hidden;background-color:\">\n    <div class=\"visible-xs\" style=\"height:60px;\"><\/div>\n    <div class=\"visible-sm\" style=\"height:60px;\"><\/div>\n    <div class=\"visible-md\" style=\"height:60px;\"><\/div>\n    <div class=\"visible-lg\" style=\"height:60px;\"><\/div>\n<\/div><div class=\" element-short-top element-short-bottom\" data-os-animation=\"none\" data-os-animation-delay=\"0s\">\n    <h4 style=\"text-align: left;\">Stilmarmo Srl<\/h4>\n<p style=\"text-align: left;\">Via Thaon de Revel 34<br \/>\n71011 &#8211; Apricena (Foggia) &#8211; Italia<\/p>\n<p>Tel. +39 0882 645452<br \/>\nFax +39 0882 646170<\/p>\n<h4 style=\"text-align: left;\">Informa\u00e7\u00e3o geral<\/h4>\n<p style=\"text-align: left;\"><a href=\"mailto:info@stilmarmo.it\">info@stilmarmo.it<\/a><\/p>\n<h4>Vendas<\/h4>\n<p style=\"text-align: left;\"><a href=\"mailto:commerciale@stilimarmo.it\">commerciale@stilmarmo.it<\/a><\/p>\n<h4 style=\"text-align: left;\">Importa\u00e7\u00e3o \/ Exporta\u00e7\u00e3o<\/h4>\n<p style=\"text-align: left;\"><a href=\"mailto:importexport2@stilimarmo.it\">importexport2@stilmarmo.it<\/a><\/p>\n<\/div><div class=\" element-short-top element-short-bottom\" data-os-animation=\"none\" data-os-animation-delay=\"0s\">\n    <p><a title=\"Skype\" href=\"skype:stilmarmo_importexport\">Ligue para n\u00f3s <img decoding=\"async\" src=\" http:\/\/www.stilmarmo.it\/wp-content\/uploads\/2015\/09\/skypechiama.png\" alt=\"\" height=\"22\" \/><\/a><br \/>\n<a title=\"Seguici su Facebook\" href=\"https:\/\/www.facebook.com\/stilmarmo\/\"><img loading=\"lazy\" decoding=\"async\" src=\"http:\/\/www.stilmarmo.it\/wp-content\/uploads\/2015\/09\/Facebook.png\" alt=\"\" width=\"22\" height=\"22\" \/><\/a>\u00a0<a title=\"Seguici su Twitter\" href=\"https:\/\/twitter.com\/stilmarmo1\"><img loading=\"lazy\" decoding=\"async\" src=\"http:\/\/www.stilmarmo.it\/wp-content\/uploads\/2015\/09\/Twitter.png\" alt=\"\" width=\"22\" height=\"22\" \/><\/a>\u00a0<a title=\"Seguici su Linkedin\" href=\"https:\/\/www.linkedin.com\/in\/stilmarmo-srl-16167351\"><img loading=\"lazy\" decoding=\"async\" src=\"http:\/\/www.stilmarmo.it\/wp-content\/uploads\/2015\/11\/linkedin.png\" alt=\"\" width=\"22\" height=\"22\" \/><\/a>\u00a0<a href=\"https:\/\/www.instagram.com\/stilmarmo\/\" target=\"_blank\" rel=\"noopener noreferrer\"><img loading=\"lazy\" decoding=\"async\" class=\"alignnone wp-image-2578\" src=\"http:\/\/www.stilmarmo.it\/wp-content\/uploads\/2015\/07\/Instagram_App_Large_May2016_200.png\" alt=\"Instagram_App_Large_May2016_200\" width=\"25\" height=\"25\" srcset=\"https:\/\/www.stilmarmo.it\/wp-content\/uploads\/2015\/07\/Instagram_App_Large_May2016_200.png 200w, https:\/\/www.stilmarmo.it\/wp-content\/uploads\/2015\/07\/Instagram_App_Large_May2016_200-150x150.png 150w, https:\/\/www.stilmarmo.it\/wp-content\/uploads\/2015\/07\/Instagram_App_Large_May2016_200-40x40.png 40w, https:\/\/www.stilmarmo.it\/wp-content\/uploads\/2015\/07\/Instagram_App_Large_May2016_200-60x60.png 60w\" sizes=\"auto, (max-width: 25px) 100vw, 25px\" \/><\/a><\/p>\n<\/div><\/div><div class=\"col-md-3    height650px text-default small-screen-default\"  ><div class=\"divider-wrapper\" style=\"visibility:hidden;background-color:\">\n    <div class=\"visible-xs\" style=\"height:60px;\"><\/div>\n    <div class=\"visible-sm\" style=\"height:60px;\"><\/div>\n    <div class=\"visible-md\" style=\"height:60px;\"><\/div>\n    <div class=\"visible-lg\" style=\"height:60px;\"><\/div>\n<\/div>\n<div class=\"wpcf7 no-js\" id=\"wpcf7-f4310-o1\" lang=\"it-IT\" dir=\"ltr\" data-wpcf7-id=\"4310\">\n<div class=\"screen-reader-response\"><p role=\"status\" aria-live=\"polite\" aria-atomic=\"true\"><\/p> <ul><\/ul><\/div>\n<form action=\"\/pt-pt\/wp-json\/wp\/v2\/pages\/4303#wpcf7-f4310-o1\" method=\"post\" class=\"wpcf7-form init\" aria-label=\"Modulo di contatto\" novalidate=\"novalidate\" data-status=\"init\">\n<fieldset class=\"hidden-fields-container\"><input type=\"hidden\" name=\"_wpcf7\" value=\"4310\" \/><input type=\"hidden\" name=\"_wpcf7_version\" value=\"6.1.5\" \/><input type=\"hidden\" name=\"_wpcf7_locale\" value=\"it_IT\" \/><input type=\"hidden\" name=\"_wpcf7_unit_tag\" value=\"wpcf7-f4310-o1\" \/><input type=\"hidden\" name=\"_wpcf7_container_post\" value=\"0\" \/><input type=\"hidden\" name=\"_wpcf7_posted_data_hash\" value=\"\" \/>\n<\/fieldset>\n<h3 style=\"color: #8c0d17; padding-bottom:13px; padding-top:13px;\">Contate-Nos\n<\/h3>\n<p><br \/>\n<span class=\"wpcf7-form-control-wrap\" data-name=\"your-name\"><input size=\"40\" maxlength=\"400\" class=\"wpcf7-form-control wpcf7-text wpcf7-validates-as-required\" aria-required=\"true\" aria-invalid=\"false\" value=\"Nome e sobrenome\" type=\"text\" name=\"your-name\" \/><\/span>\n<\/p>\n<p><br \/>\n<span class=\"wpcf7-form-control-wrap\" data-name=\"text-685\"><input size=\"40\" maxlength=\"400\" class=\"wpcf7-form-control wpcf7-text wpcf7-validates-as-required\" aria-required=\"true\" aria-invalid=\"false\" placeholder=\"Companhia\" value=\"\" type=\"text\" name=\"text-685\" \/><\/span>\n<\/p>\n<p><br \/>\n<span class=\"wpcf7-form-control-wrap\" data-name=\"your-email\"><input size=\"40\" maxlength=\"400\" class=\"wpcf7-form-control wpcf7-email wpcf7-validates-as-required wpcf7-text wpcf7-validates-as-email\" aria-required=\"true\" aria-invalid=\"false\" placeholder=\"E-mail\" value=\"\" type=\"email\" name=\"your-email\" \/><\/span>\n<\/p>\n<p><span class=\"wpcf7-form-control-wrap\" data-name=\"text-891\"><input size=\"40\" maxlength=\"400\" class=\"wpcf7-form-control wpcf7-text wpcf7-validates-as-required\" aria-required=\"true\" aria-invalid=\"false\" placeholder=\"Objeto\" value=\"\" type=\"text\" name=\"text-891\" \/><\/span>\n<\/p>\n<p><span class=\"wpcf7-form-control-wrap\" data-name=\"your-message\"><textarea cols=\"40\" rows=\"10\" maxlength=\"2000\" class=\"wpcf7-form-control wpcf7-textarea wpcf7-validates-as-required\" aria-required=\"true\" aria-invalid=\"false\" placeholder=\"Mensagem\" name=\"your-message\"><\/textarea><\/span>\n<\/p>\n<p><input type=\"hidden\" name=\"_wpcf7_captcha_challenge_captcha-445\" value=\"2663480477\" \/><img loading=\"lazy\" decoding=\"async\" class=\"wpcf7-form-control wpcf7-captchac wpcf7-captcha-captcha-445\" width=\"72\" height=\"24\" alt=\"captcha\" src=\"https:\/\/www.stilmarmo.it\/wp-content\/uploads\/wpcf7_captcha\/2663480477.png\" \/><span class=\"wpcf7-form-control-wrap\" data-name=\"captcha-445\"><input size=\"40\" class=\"wpcf7-form-control wpcf7-captchar\" autocomplete=\"off\" aria-invalid=\"false\" value=\"\" type=\"text\" name=\"captcha-445\" \/><\/span>\n<\/p>\n<p><input class=\"wpcf7-form-control wpcf7-submit has-spinner\" type=\"submit\" value=\"Enviar\" \/>\n<\/p><div class=\"wpcf7-response-output\" aria-hidden=\"true\"><\/div>\n<\/form>\n<\/div>\n<\/div><div class=\"col-md-6    height650px hidden-mobile text-default small-screen-default\"  ><\/div>        <\/div>\n    <\/div>\n<\/section>\n","protected":false},"excerpt":{"rendered":"Contactos Stilmarmo Srl Via Thaon de Revel 34 71011 - Apricena (Foggia) - Italia Tel. +39 0882 645452 Fax +39 0882 646170 Informa\u00e7\u00e3o geral info@stilmarmo.it Vendas commerciale@stilmarmo.it Importa\u00e7\u00e3o \/ Exporta\u00e7\u00e3o importexport2@stilmarmo.it Ligue para n\u00f3s \u00a0\u00a0\u00a0 Contate-Nos","protected":false},"author":1,"featured_media":0,"parent":0,"menu_order":0,"comment_status":"closed","ping_status":"closed","template":"","meta":{"footnotes":""},"class_list":["post-4303","page","type-page","status-publish","hentry"],"aioseo_notices":[],"_links":{"self":[{"href":"https:\/\/www.stilmarmo.it\/pt-pt\/wp-json\/wp\/v2\/pages\/4303","targetHints":{"allow":["GET"]}}],"collection":[{"href":"https:\/\/www.stilmarmo.it\/pt-pt\/wp-json\/wp\/v2\/pages"}],"about":[{"href":"https:\/\/www.stilmarmo.it\/pt-pt\/wp-json\/wp\/v2\/types\/page"}],"author":[{"embeddable":true,"href":"https:\/\/www.stilmarmo.it\/pt-pt\/wp-json\/wp\/v2\/users\/1"}],"replies":[{"embeddable":true,"href":"https:\/\/www.stilmarmo.it\/pt-pt\/wp-json\/wp\/v2\/comments?post=4303"}],"version-history":[{"count":5,"href":"https:\/\/www.stilmarmo.it\/pt-pt\/wp-json\/wp\/v2\/pages\/4303\/revisions"}],"predecessor-version":[{"id":4311,"href":"https:\/\/www.stilmarmo.it\/pt-pt\/wp-json\/wp\/v2\/pages\/4303\/revisions\/4311"}],"wp:attachment":[{"href":"https:\/\/www.stilmarmo.it\/pt-pt\/wp-json\/wp\/v2\/media?parent=4303"}],"curies":[{"name":"wp","href":"https:\/\/api.w.org\/{rel}","templated":true}]}}