{"id":4277,"date":"2020-06-26T20:05:42","date_gmt":"2020-06-26T18:05:42","guid":{"rendered":"http:\/\/www.stilmarmo.it\/?page_id=4277"},"modified":"2020-07-02T08:47:53","modified_gmt":"2020-07-02T06:47:53","slug":"home","status":"publish","type":"page","link":"https:\/\/www.stilmarmo.it\/pt-pt\/","title":{"rendered":"Home"},"content":{"rendered":"<section class=\"section swatch-white  section-text-no-shadow section-inner-no-shadow section-normal section-opaque\"  data-label=\"\">\n    \n    <div class=\"background-overlay grid-overlay-0 \" style=\"background-color: rgba(250,249,246,1);\"><\/div>\n\n    <div class=\"container\">\n        <div class=\"row vertical-top\">\n            <div class=\"col-md-12    padding0 text-default small-screen-default\"  ><div class=\"divider-wrapper\" style=\"visibility:hidden;background-color:\">\n    <div class=\"visible-xs\" style=\"height:24px;\"><\/div>\n    <div class=\"visible-sm\" style=\"height:24px;\"><\/div>\n    <div class=\"visible-md\" style=\"height:24px;\"><\/div>\n    <div class=\"visible-lg\" style=\"height:24px;\"><\/div>\n<\/div>[rev_slider_vc alias=&#8221;SLIDEHOME&#8221;]<div class=\"divider-wrapper\" style=\"visibility:hidden;background-color:\">\n    <div class=\"visible-xs\" style=\"height:24px;\"><\/div>\n    <div class=\"visible-sm\" style=\"height:24px;\"><\/div>\n    <div class=\"visible-md\" style=\"height:24px;\"><\/div>\n    <div class=\"visible-lg\" style=\"height:24px;\"><\/div>\n<\/div><\/div>        <\/div>\n    <\/div>\n<\/section>\n<section class=\"section swatch-white  section-text-no-shadow section-inner-no-shadow section-normal section-opaque\"  data-label=\"\">\n    \n    <div class=\"background-overlay grid-overlay-0 \" style=\"background-color: rgba(250,249,246,1);\"><\/div>\n\n    <div class=\"container\">\n        <div class=\"row vertical-top\">\n            <div class=\"col-md-4     text-default small-screen-default\"  style=\"background:#292929;\"><div class=\"row \"><div class=\"col-md-4     text-default small-screen-default\"  ><div class=\"figure  element-short-top element-short-bottom image-filter-none image-filter-onhover fade-in text-center figcaption-middle normalwidth\" data-os-animation=\"none\" data-os-animation-delay=\"0s\">\n            <a href=\"\/pt-pt\/produzir\/serpeggiante\/serpeggiante-tipo-e\/\" class=\"figure-image  image-all\" data-links=\"\" target=\"_self\">\n    \n    <img decoding=\"async\" src=\"https:\/\/www.stilmarmo.it\/wp-content\/uploads\/2015\/12\/SERPEGGIANTE-HOME.jpg\" alt=\"SERPEGGIANTE\" title=\"SERPEGGIANTE\" class=\"normalwidth\" \/>    \n            <\/a>\n    \n<\/div><\/div><div class=\"col-md-8     text-default small-screen-default\"  ><header class=\"text-left  element-short-top element-no-bottom not-condensed\" data-os-animation=\"none\" data-os-animation-delay=\"0s\" >\n    <h2 class=\"normal regular no-bordered-header bordered-small\"style=\"color:#c5b092;\" >\n        SERPEGGIANTE    <\/h2>\n    <\/header>\n<div class=\"color_efece5 fontsize11 marginTop10px element-no-top element-short-bottom\" data-os-animation=\"none\" data-os-animation-delay=\"0s\">\n    <p style=\"font-size: 12px; color: #fff;\">Calc\u00e1rio de gr\u00e3o fino, cor com listras bege claras e escuras.<\/p>\n<\/div><\/div><\/div><\/div><div class=\"col-md-4     text-default small-screen-default\"  style=\"background:#292929;\"><div class=\"row \"><div class=\"col-md-4     text-default small-screen-default\"  ><div class=\"figure  element-short-top element-short-bottom image-filter-none image-filter-onhover fade-in text-center figcaption-middle normalwidth\" data-os-animation=\"none\" data-os-animation-delay=\"0s\">\n            <a href=\"\/pt-pt\/produzir\/fiorito\/fiorito-tipo-adriatico-tf-controfalda\/\" class=\"figure-image  image-all\" data-links=\"\" target=\"_self\">\n    \n    <img decoding=\"async\" src=\"https:\/\/www.stilmarmo.it\/wp-content\/uploads\/2015\/12\/FIORITO-HOME.jpg\" alt=\"Fiorito\" title=\"Fiorito\" class=\"normalwidth\" \/>    \n            <\/a>\n    \n<\/div><\/div><div class=\"col-md-8     text-default small-screen-default\"  ><header class=\"text-left  element-short-top element-no-bottom not-condensed\" data-os-animation=\"none\" data-os-animation-delay=\"0s\" >\n    <h2 class=\"normal regular no-bordered-header bordered-small\"style=\"color:#c5b092;\" >\n        FIORITO    <\/h2>\n    <\/header>\n<div class=\"color_efece5 fontsize11 marginTop10px element-no-top element-short-bottom\" data-os-animation=\"none\" data-os-animation-delay=\"0s\">\n    <p style=\"font-size: 12px; color: #fff;\">Calc\u00e1rio de gr\u00e3o fino, fundo de cor clara, com veias rosadas.<\/p>\n<\/div><\/div><\/div><\/div><div class=\"col-md-4     text-default small-screen-default\"  style=\"background:#292929;\"><div class=\"row \"><div class=\"col-md-4     text-default small-screen-default\"  ><div class=\"figure  element-short-top element-short-bottom image-filter-none image-filter-onhover fade-in text-center figcaption-middle normalwidth\" data-os-animation=\"none\" data-os-animation-delay=\"0s\">\n            <a href=\"\/pt-pt\/produzir\/bronzetto\/bronzetto-tipo-m-in-falda\/\" class=\"figure-image  image-all\" data-links=\"\" target=\"_self\">\n    \n    <img decoding=\"async\" src=\"https:\/\/www.stilmarmo.it\/wp-content\/uploads\/2015\/12\/BRONZETTO-HOME.jpg\" alt=\"Bronzetto\" title=\"Bronzetto\" class=\"normalwidth\" \/>    \n            <\/a>\n    \n<\/div><\/div><div class=\"col-md-8     text-default small-screen-default\"  ><header class=\"text-left  element-short-top element-no-bottom not-condensed\" data-os-animation=\"none\" data-os-animation-delay=\"0s\" >\n    <h2 class=\"normal regular no-bordered-header bordered-small\"style=\"color:#c5b092;\" >\n        BRONZETTO    <\/h2>\n    <\/header>\n<div class=\"color_efece5 fontsize11 marginTop10px element-no-top element-short-bottom\" data-os-animation=\"none\" data-os-animation-delay=\"0s\">\n    <p style=\"font-size: 12px; color: #fff;\">Calc\u00e1rio de gr\u00e3o fino, cor bege com clastos mais leves.<\/p>\n<\/div><\/div><\/div><\/div>        <\/div>\n    <\/div>\n<\/section>\n<section class=\"section swatch-white  section-text-no-shadow section-inner-no-shadow section-normal section-opaque\"  data-label=\"\">\n    \n    <div class=\"background-overlay grid-overlay-0 \" style=\"background-color: rgba(0,0,0,0);\"><\/div>\n\n    <div class=\"container\">\n        <div class=\"row vertical-top\">\n            <div class=\"col-md-12     text-default small-screen-default\"  ><div class=\" element-short-top element-short-bottom\" data-os-animation=\"none\" data-os-animation-delay=\"0s\">\n    <p><!--more--><\/p>\n<\/div><\/div>        <\/div>\n    <\/div>\n<\/section>\n","protected":false},"excerpt":{"rendered":"[rev_slider_vc alias=\"SLIDEHOME\"] SERPEGGIANTE Calc\u00e1rio de gr\u00e3o fino, cor com listras bege claras e escuras. FIORITO Calc\u00e1rio de gr\u00e3o fino, fundo de cor clara, com veias rosadas. BRONZETTO Calc\u00e1rio de gr\u00e3o fino, cor bege com clastos mais leves.","protected":false},"author":1,"featured_media":0,"parent":0,"menu_order":0,"comment_status":"open","ping_status":"open","template":"","meta":{"footnotes":""},"class_list":["post-4277","page","type-page","status-publish","hentry"],"aioseo_notices":[],"_links":{"self":[{"href":"https:\/\/www.stilmarmo.it\/pt-pt\/wp-json\/wp\/v2\/pages\/4277","targetHints":{"allow":["GET"]}}],"collection":[{"href":"https:\/\/www.stilmarmo.it\/pt-pt\/wp-json\/wp\/v2\/pages"}],"about":[{"href":"https:\/\/www.stilmarmo.it\/pt-pt\/wp-json\/wp\/v2\/types\/page"}],"author":[{"embeddable":true,"href":"https:\/\/www.stilmarmo.it\/pt-pt\/wp-json\/wp\/v2\/users\/1"}],"replies":[{"embeddable":true,"href":"https:\/\/www.stilmarmo.it\/pt-pt\/wp-json\/wp\/v2\/comments?post=4277"}],"version-history":[{"count":3,"href":"https:\/\/www.stilmarmo.it\/pt-pt\/wp-json\/wp\/v2\/pages\/4277\/revisions"}],"predecessor-version":[{"id":4665,"href":"https:\/\/www.stilmarmo.it\/pt-pt\/wp-json\/wp\/v2\/pages\/4277\/revisions\/4665"}],"wp:attachment":[{"href":"https:\/\/www.stilmarmo.it\/pt-pt\/wp-json\/wp\/v2\/media?parent=4277"}],"curies":[{"name":"wp","href":"https:\/\/api.w.org\/{rel}","templated":true}]}}